{"id":38,"date":"2020-04-28T22:28:29","date_gmt":"2020-04-28T21:28:29","guid":{"rendered":"http:\/\/consult-ts.com\/?page_id=38"},"modified":"2020-04-29T16:46:40","modified_gmt":"2020-04-29T15:46:40","slug":"colibri-wp","status":"publish","type":"page","link":"https:\/\/consult-ts.com\/","title":{"rendered":"Home"},"content":{"rendered":"<div data-colibri-id=\"38-c1\" class=\"style-175 style-local-38-c1 position-relative\">\n  <!---->\n  <div data-colibri-component=\"section\" data-colibri-id=\"38-c2\" id=\"overlappable\" class=\"h-section h-section-global-spacing d-flex align-items-lg-center align-items-md-center align-items-center style-176 style-local-38-c2 position-relative\">\n    <!---->\n    <!---->\n    <div class=\"h-section-grid-container h-section-boxed-container\">\n      <!---->\n      <div data-colibri-id=\"38-c3\" class=\"h-row-container gutters-row-lg-2 gutters-row-md-0 gutters-row-2 gutters-row-v-lg-2 gutters-row-v-md-0 gutters-row-v-2 style-177 style-local-38-c3 position-relative\">\n        <!---->\n        <div class=\"h-row justify-content-lg-center justify-content-md-center justify-content-center align-items-lg-stretch align-items-md-stretch align-items-stretch gutters-col-lg-2 gutters-col-md-0 gutters-col-2 gutters-col-v-lg-2 gutters-col-v-md-0 gutters-col-v-2\">\n          <!---->\n          <div class=\"h-column h-column-container d-flex h-col-lg-4 h-col-md-4 h-col-12 style-178-outer style-local-38-c4-outer\">\n            <div data-colibri-id=\"38-c4\" class=\"d-flex h-flex-basis h-column__inner h-px-lg-2 h-px-md-3 h-px-2 v-inner-lg-0 v-inner-md-3 v-inner-2 style-178 style-local-38-c4 position-relative\">\n              <!---->\n              <!---->\n              <div class=\"w-100 h-y-container h-column__content h-column__v-align flex-basis-100 align-self-lg-start align-self-md-start align-self-start\">\n                <!---->\n                <div data-colibri-id=\"38-c5\" class=\"h-icon style-179 style-local-38-c5 position-relative h-element\">\n                  <!----><span class=\"h-svg-icon h-icon__icon style-179-icon style-local-38-c5-icon\"><!--Icon by Font Awesome (https:\/\/fontawesome.com)--><svg version=\"1.1\" xmlns=\"http:\/\/www.w3.org\/2000\/svg\" xmlns:xlink=\"http:\/\/www.w3.org\/1999\/xlink\" id=\"wifi\" viewBox=\"0 0 2048 1896.0833\"><path d=\"M1024 1523q-20 0-93-73.5t-73-93.5q0-32 62.5-54t103.5-22 103.5 22 62.5 54q0 20-73 93.5t-93 73.5zm270-271q-2 0-40-25t-101.5-50-128.5-25-128.5 25-101 50-40.5 25q-18 0-93.5-75t-75.5-93q0-13 10-23 78-77 196-121t233-44 233 44 196 121q10 10 10 23 0 18-75.5 93t-93.5 75zm273-272q-11 0-23-8-136-105-252-154.5T1024 768q-85 0-170.5 22t-149 53T591 905t-79 53-31 22q-17 0-92-75t-75-93q0-12 10-22 132-132 320-205t380-73 380 73 320 205q10 10 10 22 0 18-75 93t-92 75zm271-271q-11 0-22-9-179-157-371.5-236.5T1024 384t-420.5 79.5T232 700q-11 9-22 9-17 0-92.5-75T42 541q0-13 10-23 187-186 445-288t527-102 527 102 445 288q10 10 10 23 0 18-75.5 93t-92.5 75z\"><\/path><\/svg><\/span><\/div>\n                <div\n                  data-colibri-id=\"38-c6\" class=\"h-global-transition-all h-heading style-180 style-local-38-c6 position-relative h-element\">\n                  <!---->\n                  <!---->\n                  <h5 class=\"\">Dezentral und Vernetzt<\/h5>\n              <\/div>\n              <div data-colibri-id=\"38-c7\" class=\"h-text h-text-component style-181 style-local-38-c7 position-relative h-element\">\n                <!---->\n                <!---->\n                <div class=\"\">\n                  <p>Ganz egal an welchem Ort du dich befindest, wir k\u00f6nnen dich bei deinem Projekt unterst\u00fctzen!<\/p>\n                <\/div>\n              <\/div>\n            <\/div>\n          <\/div>\n        <\/div>\n        <div class=\"h-column h-column-container d-flex h-col-lg-4 h-col-md-4 h-col-12 style-178-outer style-local-38-c8-outer\">\n          <div data-colibri-id=\"38-c8\" class=\"d-flex h-flex-basis h-column__inner h-px-lg-2 h-px-md-3 h-px-2 v-inner-lg-0 v-inner-md-3 v-inner-2 style-178 style-local-38-c8 position-relative\">\n            <!---->\n            <!---->\n            <div class=\"w-100 h-y-container h-column__content h-column__v-align flex-basis-100 align-self-lg-start align-self-md-start align-self-start\">\n              <!---->\n              <div data-colibri-id=\"38-c9\" class=\"h-icon style-179 style-local-38-c9 position-relative h-element\">\n                <!----><span class=\"h-svg-icon h-icon__icon style-179-icon style-local-38-c9-icon\"><!--Icon by Icons8 Line Awesome (https:\/\/icons8.com\/line-awesome)--><svg version=\"1.1\" xmlns=\"http:\/\/www.w3.org\/2000\/svg\" xmlns:xlink=\"http:\/\/www.w3.org\/1999\/xlink\" id=\"gears\" viewBox=\"0 0 512 545.5\"><path d=\"M344 72h32v22.5c13.256 2.334 25.375 7.58 36 15l15-15 22.5 22.5-15 15c7.42 10.625 12.666 22.744 15 36H472v32h-22.5c-2.357 13.388-7.46 25.802-15 36.5L450 253l-23.5 22-15-16c-10.494 7.212-22.48 12.208-35.5 14.5V296h-32v-22.5c-13.256-2.334-25.375-7.58-36-15l-16.5 17-23-23 17-16.5c-7.42-10.625-12.666-22.744-15-36H248v-32h22.5c2.292-13.02 7.288-25.006 14.5-35.5l-16-15L291 94l16.5 15.5c10.698-7.54 23.112-12.643 36.5-15V72zm16 53c-32.885 0-59 26.115-59 59s26.115 59 59 59 59-26.115 59-59-26.115-59-59-59zm-207.5 94.5l11.5 29c8.477-2.118 17.388-3.5 26.5-3.5 9.13 0 18.015 1.362 26.5 3.5l11.5-29 29.5 12-11.5 29c15.108 9.133 27.874 21.944 37 37l29-11.5 12 29.5-29 11.5c2.118 8.458 3.5 17.388 3.5 26.5s-1.382 18.023-3.5 26.5l29 11.5-12 29.5-29-11.5c-9.107 15.23-21.88 28.264-37 37.5l11.5 28.5-29.5 12L217 459c-8.458 2.138-17.388 3.5-26.5 3.5-9.166 0-17.972-1.345-26.5-3.5l-11.5 28.5-29.5-12 11.5-28.5c-15.37-9.23-28.246-22.145-37.5-37.5L68.5 421l-12-29.5L85 380c-2.138-8.477-3.5-17.388-3.5-26.5s1.362-18.042 3.5-26.5l-28.5-11.5 12-29.5L97 297.5c9.236-15.12 22.27-27.893 37.5-37l-11.5-29zm38 57.5c-42.605 0-77 33.895-77 76.5s34.395 77 77 77 76.5-34.395 76.5-77-33.895-76.5-76.5-76.5z\"><\/path><\/svg><\/span><\/div>\n              <div\n                data-colibri-id=\"38-c10\" class=\"h-global-transition-all h-heading style-180 style-local-38-c10 position-relative h-element\">\n                <!---->\n                <!---->\n                <h5 class=\"\">Reibungsloser Ablauf<\/h5>\n            <\/div>\n            <div data-colibri-id=\"38-c11\" class=\"h-text h-text-component style-181 style-local-38-c11 position-relative h-element\">\n              <!---->\n              <!---->\n              <div class=\"\">\n                <p>Durch erprobte Prozesse k\u00f6nnen wir eine reibungslose Durchf\u00fchrung deines Projekts sicherstellen!<\/p>\n              <\/div>\n            <\/div>\n          <\/div>\n        <\/div>\n      <\/div>\n      <div class=\"h-column h-column-container d-flex h-col-lg-4 h-col-md-4 h-col-12 style-178-outer style-local-38-c12-outer\">\n        <div data-colibri-id=\"38-c12\" class=\"d-flex h-flex-basis h-column__inner h-px-lg-2 h-px-md-3 h-px-2 v-inner-lg-0 v-inner-md-3 v-inner-2 style-178 style-local-38-c12 position-relative\">\n          <!---->\n          <!---->\n          <div class=\"w-100 h-y-container h-column__content h-column__v-align flex-basis-100 align-self-lg-start align-self-md-start align-self-start\">\n            <!---->\n            <div data-colibri-id=\"38-c13\" class=\"h-icon style-179 style-local-38-c13 position-relative h-element\">\n              <!----><span class=\"h-svg-icon h-icon__icon style-179-icon style-local-38-c13-icon\"><!--Icon by Font Awesome (https:\/\/fontawesome.com)--><svg version=\"1.1\" xmlns=\"http:\/\/www.w3.org\/2000\/svg\" xmlns:xlink=\"http:\/\/www.w3.org\/1999\/xlink\" id=\"envelope-o\" viewBox=\"0 0 1792 1896.0833\"><path d=\"M1664 1504V736q-32 36-69 66-268 206-426 338-51 43-83 67t-86.5 48.5T897 1280h-2q-48 0-102.5-24.5T706 1207t-83-67q-158-132-426-338-37-30-69-66v768q0 13 9.5 22.5t22.5 9.5h1472q13 0 22.5-9.5t9.5-22.5zm0-1051v-24.5l-.5-13-3-12.5-5.5-9-9-7.5-14-2.5H160q-13 0-22.5 9.5T128 416q0 168 147 284 193 152 401 317 6 5 35 29.5t46 37.5 44.5 31.5T852 1143t43 9h2q20 0 43-9t50.5-27.5 44.5-31.5 46-37.5 35-29.5q208-165 401-317 54-43 100.5-115.5T1664 453zm128-37v1088q0 66-47 113t-113 47H160q-66 0-113-47T0 1504V416q0-66 47-113t113-47h1472q66 0 113 47t47 113z\"><\/path><\/svg><\/span><\/div>\n            <div\n              data-colibri-id=\"38-c14\" class=\"h-global-transition-all h-heading style-180 style-local-38-c14 position-relative h-element\">\n              <!---->\n              <!---->\n              <h5 class=\"\">Enger Austausch<\/h5>\n          <\/div>\n          <div data-colibri-id=\"38-c15\" class=\"h-text h-text-component style-181 style-local-38-c15 position-relative h-element\">\n            <!---->\n            <!---->\n            <div class=\"\">\n              <p>Kommunikation ist alles! Bei uns sprechen wir die wichtigen Themen gezielt an!<\/p>\n            <\/div>\n          <\/div>\n        <\/div>\n      <\/div>\n    <\/div>\n  <\/div>\n<\/div>\n<\/div>\n<\/div>\n<div data-colibri-component=\"section\" data-colibri-id=\"38-c16\" id=\"about\" class=\"h-section h-section-global-spacing d-flex align-items-lg-center align-items-md-center align-items-center style-208 style-local-38-c16 position-relative\">\n  <!---->\n  <!---->\n  <div class=\"h-section-grid-container h-section-boxed-container\">\n    <!---->\n    <div data-colibri-id=\"38-c17\" class=\"h-row-container gutters-row-lg-2 gutters-row-md-2 gutters-row-2 gutters-row-v-lg-2 gutters-row-v-md-2 gutters-row-v-2 style-209 style-local-38-c17 position-relative\">\n      <!---->\n      <div class=\"h-row justify-content-lg-center justify-content-md-center justify-content-center align-items-lg-stretch align-items-md-stretch align-items-stretch gutters-col-lg-2 gutters-col-md-2 gutters-col-2 gutters-col-v-lg-2 gutters-col-v-md-2 gutters-col-v-2\">\n        <!---->\n        <div class=\"h-column h-column-container d-flex h-col-lg-auto h-col-md-auto h-col-auto style-210-outer style-local-38-c18-outer\">\n          <div data-colibri-id=\"38-c18\" class=\"d-flex h-flex-basis h-column__inner h-px-lg-2 h-px-md-2 h-px-2 v-inner-lg-2 v-inner-md-2 v-inner-2 style-210 style-local-38-c18 position-relative\">\n            <!---->\n            <!---->\n            <div class=\"w-100 h-y-container h-column__content h-column__v-align flex-basis-100 align-self-lg-center align-self-md-center align-self-center\">\n              <!---->\n              <div data-colibri-id=\"38-c19\" class=\"h-global-transition-all h-heading style-211 style-local-38-c19 position-relative h-element\">\n                <!---->\n                <!---->\n                <h5 class=\"\">Hol dir die Unterst\u00fctzung<\/h5>\n              <\/div>\n              <div data-colibri-id=\"38-c20\" class=\"h-global-transition-all h-heading style-212 style-local-38-c20 position-relative h-element\">\n                <!---->\n                <!---->\n                <h2 class=\"\">Erfahren und trotzdem <span data-animation-duration=\"1\" data-type-animation=\"rotate-1\" data-colibri-component=\"fancy-title\"><span class=\"ah-headline rotate-1\"><span style=\"position: relative\" class=\"ah-words-wrapper\"><b class=\"is-visible\">kostenoptimiert<\/b><b>zeitlich&nbsp;flexibel<\/b><b>\u00f6rtlich&nbsp;flexibel<\/b><b>kundenorientiert<\/b><\/span><\/span>\n                  <\/span>\n                <\/h2>\n              <\/div>\n              <div data-colibri-id=\"38-c21\" class=\"h-lead h-text h-text-component style-213 style-local-38-c21 position-relative h-element\">\n                <!---->\n                <!---->\n                <div class=\"\">\n                  <p>Kurzfristige Unterst\u00fctzung bei Projekten im Bereich E-Commerce, Website Building, SEO\/SEA Marketing.<\/p>\n                <\/div>\n              <\/div>\n              <div data-colibri-id=\"38-c22\" class=\"h-x-container style-214 style-local-38-c22 position-relative h-element\">\n                <!---->\n                <div class=\"h-x-container-inner style-dynamic-38-c22-group style-214-spacing style-local-38-c22-spacing\"><span class=\"h-button__outer style-215-outer style-local-38-c23-outer d-inline-flex h-element\"><a h-use-smooth-scroll=\"true\" href=\"mailto:info@consult-ts.com\"  data-colibri-id=\"38-c23\" class=\"d-flex w-100 align-items-center h-button justify-content-lg-center justify-content-md-center justify-content-center style-215 style-local-38-c23 position-relative\"><!----><!----> <span>Vereinbare ein Gesp\u00e4rch<\/span><\/a>\n                  <\/span>\n                <\/div>\n              <\/div>\n            <\/div>\n          <\/div>\n        <\/div>\n        <div class=\"h-column h-column-container d-flex h-col-lg-auto h-col-md-auto h-col-auto style-216-outer style-local-38-c24-outer\">\n          <div data-colibri-id=\"38-c24\" class=\"d-flex h-flex-basis h-column__inner h-px-lg-2 h-px-md-2 h-px-2 v-inner-lg-2 v-inner-md-2 v-inner-2 style-216 style-local-38-c24 position-relative\">\n            <!---->\n            <!---->\n            <div class=\"w-100 h-y-container h-column__content h-column__v-align flex-basis-100 align-self-lg-center align-self-md-center align-self-center\">\n              <!---->\n              <div data-colibri-id=\"38-c25\" class=\"d-block style-217 style-local-38-c25 position-relative h-element\">\n                <!---->\n                <div class=\"h-image__frame-container-outer\">\n                  <div class=\"h-image__frame-container\">\n                    <!---->\n                    <!---->\n                    <img loading=\"lazy\" decoding=\"async\" width=\"1920\" height=\"1280\" src=\"http:\/\/consult-ts.com\/wp-content\/uploads\/2020\/04\/home-office-336373_1920.jpg\" class=\"wp-image-193 style-217-image style-local-38-c25-image\" alt=\"\" srcset=\"https:\/\/consult-ts.com\/wp-content\/uploads\/2020\/04\/home-office-336373_1920.jpg 1920w, https:\/\/consult-ts.com\/wp-content\/uploads\/2020\/04\/home-office-336373_1920-300x200.jpg 300w, https:\/\/consult-ts.com\/wp-content\/uploads\/2020\/04\/home-office-336373_1920-1024x683.jpg 1024w, https:\/\/consult-ts.com\/wp-content\/uploads\/2020\/04\/home-office-336373_1920-768x512.jpg 768w, https:\/\/consult-ts.com\/wp-content\/uploads\/2020\/04\/home-office-336373_1920-1536x1024.jpg 1536w\" sizes=\"auto, (max-width: 1920px) 100vw, 1920px\" \/>\n                    <div class=\"h-image__frame h-hide-sm style-217-frameImage style-local-38-c25-frameImage\"><\/div>\n                  <\/div>\n                <\/div>\n              <\/div>\n            <\/div>\n          <\/div>\n        <\/div>\n      <\/div>\n    <\/div>\n  <\/div>\n<\/div>\n<\/div>","protected":false},"excerpt":{"rendered":"<p>Dezentral und Vernetzt Ganz egal an welchem Ort du dich befindest, wir k\u00f6nnen dich bei deinem Projekt unterst\u00fctzen! Reibungsloser Ablauf Durch erprobte Prozesse k\u00f6nnen wir eine reibungslose Durchf\u00fchrung deines Projekts sicherstellen! Enger Austausch Kommunikation ist alles! Bei uns sprechen wir die wichtigen Themen gezielt an! Hol dir die Unterst\u00fctzung Erfahren und trotzdem kostenoptimiertzeitlich&nbsp;flexibel\u00f6rtlich&nbsp;flexibelkundenorientiert Kurzfristige Unterst\u00fctzung [&hellip;]<\/p>\n","protected":false},"author":1,"featured_media":0,"parent":0,"menu_order":0,"comment_status":"closed","ping_status":"closed","template":"page-templates\/homepage.php","meta":{"footnotes":""},"class_list":["post-38","page","type-page","status-publish","hentry"],"yoast_head":"<!-- This site is optimized with the Yoast SEO plugin v27.4 - https:\/\/yoast.com\/product\/yoast-seo-wordpress\/ -->\n<title>Home - TS Consult<\/title>\n<meta name=\"description\" content=\"Startseite \/ Home - Wir unterst\u00fctzen Sie flexibel, kompetent und kosteng\u00fcnstig! Vereinbaren Sie gleich ein Gespr\u00e4ch und lassen Sie sich \u00fcberzeugen!\" \/>\n<meta name=\"robots\" content=\"index, follow, max-snippet:-1, max-image-preview:large, max-video-preview:-1\" \/>\n<link rel=\"canonical\" href=\"https:\/\/consult-ts.com\/\" \/>\n<meta property=\"og:locale\" content=\"de_DE\" \/>\n<meta property=\"og:type\" content=\"article\" \/>\n<meta property=\"og:title\" content=\"Home - TS Consult\" \/>\n<meta property=\"og:description\" content=\"Startseite \/ Home - Wir unterst\u00fctzen Sie flexibel, kompetent und kosteng\u00fcnstig! Vereinbaren Sie gleich ein Gespr\u00e4ch und lassen Sie sich \u00fcberzeugen!\" \/>\n<meta property=\"og:url\" content=\"https:\/\/consult-ts.com\/\" \/>\n<meta property=\"og:site_name\" content=\"TS Consult\" \/>\n<meta property=\"article:modified_time\" content=\"2020-04-29T15:46:40+00:00\" \/>\n<meta property=\"og:image\" content=\"http:\/\/consult-ts.com\/wp-content\/uploads\/2020\/04\/home-office-336373_1920.jpg\" \/>\n<meta name=\"twitter:card\" content=\"summary_large_image\" \/>\n<script type=\"application\/ld+json\" class=\"yoast-schema-graph\">{\"@context\":\"https:\\\/\\\/schema.org\",\"@graph\":[{\"@type\":\"WebPage\",\"@id\":\"https:\\\/\\\/consult-ts.com\\\/\",\"url\":\"https:\\\/\\\/consult-ts.com\\\/\",\"name\":\"Home - TS Consult\",\"isPartOf\":{\"@id\":\"https:\\\/\\\/consult-ts.com\\\/#website\"},\"primaryImageOfPage\":{\"@id\":\"https:\\\/\\\/consult-ts.com\\\/#primaryimage\"},\"image\":{\"@id\":\"https:\\\/\\\/consult-ts.com\\\/#primaryimage\"},\"thumbnailUrl\":\"http:\\\/\\\/consult-ts.com\\\/wp-content\\\/uploads\\\/2020\\\/04\\\/home-office-336373_1920.jpg\",\"datePublished\":\"2020-04-28T21:28:29+00:00\",\"dateModified\":\"2020-04-29T15:46:40+00:00\",\"description\":\"Startseite \\\/ Home - Wir unterst\u00fctzen Sie flexibel, kompetent und kosteng\u00fcnstig! Vereinbaren Sie gleich ein Gespr\u00e4ch und lassen Sie sich \u00fcberzeugen!\",\"breadcrumb\":{\"@id\":\"https:\\\/\\\/consult-ts.com\\\/#breadcrumb\"},\"inLanguage\":\"de\",\"potentialAction\":[{\"@type\":\"ReadAction\",\"target\":[\"https:\\\/\\\/consult-ts.com\\\/\"]}]},{\"@type\":\"ImageObject\",\"inLanguage\":\"de\",\"@id\":\"https:\\\/\\\/consult-ts.com\\\/#primaryimage\",\"url\":\"http:\\\/\\\/consult-ts.com\\\/wp-content\\\/uploads\\\/2020\\\/04\\\/home-office-336373_1920.jpg\",\"contentUrl\":\"http:\\\/\\\/consult-ts.com\\\/wp-content\\\/uploads\\\/2020\\\/04\\\/home-office-336373_1920.jpg\"},{\"@type\":\"BreadcrumbList\",\"@id\":\"https:\\\/\\\/consult-ts.com\\\/#breadcrumb\",\"itemListElement\":[{\"@type\":\"ListItem\",\"position\":1,\"name\":\"Startseite\",\"item\":\"https:\\\/\\\/consult-ts.com\\\/\"},{\"@type\":\"ListItem\",\"position\":2,\"name\":\"Home\"}]},{\"@type\":\"WebSite\",\"@id\":\"https:\\\/\\\/consult-ts.com\\\/#website\",\"url\":\"https:\\\/\\\/consult-ts.com\\\/\",\"name\":\"TS Consult\",\"description\":\"Effektiv, Leistungsstark, Unkompliziert\",\"publisher\":{\"@id\":\"https:\\\/\\\/consult-ts.com\\\/#organization\"},\"potentialAction\":[{\"@type\":\"SearchAction\",\"target\":{\"@type\":\"EntryPoint\",\"urlTemplate\":\"https:\\\/\\\/consult-ts.com\\\/?s={search_term_string}\"},\"query-input\":{\"@type\":\"PropertyValueSpecification\",\"valueRequired\":true,\"valueName\":\"search_term_string\"}}],\"inLanguage\":\"de\"},{\"@type\":\"Organization\",\"@id\":\"https:\\\/\\\/consult-ts.com\\\/#organization\",\"name\":\"TS Consult\",\"url\":\"https:\\\/\\\/consult-ts.com\\\/\",\"logo\":{\"@type\":\"ImageObject\",\"inLanguage\":\"de\",\"@id\":\"https:\\\/\\\/consult-ts.com\\\/#\\\/schema\\\/logo\\\/image\\\/\",\"url\":\"https:\\\/\\\/consult-ts.com\\\/wp-content\\\/uploads\\\/2019\\\/11\\\/TS-Consult_Logo-2.jpg\",\"contentUrl\":\"https:\\\/\\\/consult-ts.com\\\/wp-content\\\/uploads\\\/2019\\\/11\\\/TS-Consult_Logo-2.jpg\",\"width\":129,\"height\":141,\"caption\":\"TS Consult\"},\"image\":{\"@id\":\"https:\\\/\\\/consult-ts.com\\\/#\\\/schema\\\/logo\\\/image\\\/\"}}]}<\/script>\n<!-- \/ Yoast SEO plugin. -->","yoast_head_json":{"title":"Home - TS Consult","description":"Startseite \/ Home - Wir unterst\u00fctzen Sie flexibel, kompetent und kosteng\u00fcnstig! Vereinbaren Sie gleich ein Gespr\u00e4ch und lassen Sie sich \u00fcberzeugen!","robots":{"index":"index","follow":"follow","max-snippet":"max-snippet:-1","max-image-preview":"max-image-preview:large","max-video-preview":"max-video-preview:-1"},"canonical":"https:\/\/consult-ts.com\/","og_locale":"de_DE","og_type":"article","og_title":"Home - TS Consult","og_description":"Startseite \/ Home - Wir unterst\u00fctzen Sie flexibel, kompetent und kosteng\u00fcnstig! Vereinbaren Sie gleich ein Gespr\u00e4ch und lassen Sie sich \u00fcberzeugen!","og_url":"https:\/\/consult-ts.com\/","og_site_name":"TS Consult","article_modified_time":"2020-04-29T15:46:40+00:00","og_image":[{"url":"http:\/\/consult-ts.com\/wp-content\/uploads\/2020\/04\/home-office-336373_1920.jpg","type":"","width":"","height":""}],"twitter_card":"summary_large_image","schema":{"@context":"https:\/\/schema.org","@graph":[{"@type":"WebPage","@id":"https:\/\/consult-ts.com\/","url":"https:\/\/consult-ts.com\/","name":"Home - TS Consult","isPartOf":{"@id":"https:\/\/consult-ts.com\/#website"},"primaryImageOfPage":{"@id":"https:\/\/consult-ts.com\/#primaryimage"},"image":{"@id":"https:\/\/consult-ts.com\/#primaryimage"},"thumbnailUrl":"http:\/\/consult-ts.com\/wp-content\/uploads\/2020\/04\/home-office-336373_1920.jpg","datePublished":"2020-04-28T21:28:29+00:00","dateModified":"2020-04-29T15:46:40+00:00","description":"Startseite \/ Home - Wir unterst\u00fctzen Sie flexibel, kompetent und kosteng\u00fcnstig! Vereinbaren Sie gleich ein Gespr\u00e4ch und lassen Sie sich \u00fcberzeugen!","breadcrumb":{"@id":"https:\/\/consult-ts.com\/#breadcrumb"},"inLanguage":"de","potentialAction":[{"@type":"ReadAction","target":["https:\/\/consult-ts.com\/"]}]},{"@type":"ImageObject","inLanguage":"de","@id":"https:\/\/consult-ts.com\/#primaryimage","url":"http:\/\/consult-ts.com\/wp-content\/uploads\/2020\/04\/home-office-336373_1920.jpg","contentUrl":"http:\/\/consult-ts.com\/wp-content\/uploads\/2020\/04\/home-office-336373_1920.jpg"},{"@type":"BreadcrumbList","@id":"https:\/\/consult-ts.com\/#breadcrumb","itemListElement":[{"@type":"ListItem","position":1,"name":"Startseite","item":"https:\/\/consult-ts.com\/"},{"@type":"ListItem","position":2,"name":"Home"}]},{"@type":"WebSite","@id":"https:\/\/consult-ts.com\/#website","url":"https:\/\/consult-ts.com\/","name":"TS Consult","description":"Effektiv, Leistungsstark, Unkompliziert","publisher":{"@id":"https:\/\/consult-ts.com\/#organization"},"potentialAction":[{"@type":"SearchAction","target":{"@type":"EntryPoint","urlTemplate":"https:\/\/consult-ts.com\/?s={search_term_string}"},"query-input":{"@type":"PropertyValueSpecification","valueRequired":true,"valueName":"search_term_string"}}],"inLanguage":"de"},{"@type":"Organization","@id":"https:\/\/consult-ts.com\/#organization","name":"TS Consult","url":"https:\/\/consult-ts.com\/","logo":{"@type":"ImageObject","inLanguage":"de","@id":"https:\/\/consult-ts.com\/#\/schema\/logo\/image\/","url":"https:\/\/consult-ts.com\/wp-content\/uploads\/2019\/11\/TS-Consult_Logo-2.jpg","contentUrl":"https:\/\/consult-ts.com\/wp-content\/uploads\/2019\/11\/TS-Consult_Logo-2.jpg","width":129,"height":141,"caption":"TS Consult"},"image":{"@id":"https:\/\/consult-ts.com\/#\/schema\/logo\/image\/"}}]}},"_links":{"self":[{"href":"https:\/\/consult-ts.com\/index.php?rest_route=\/wp\/v2\/pages\/38","targetHints":{"allow":["GET"]}}],"collection":[{"href":"https:\/\/consult-ts.com\/index.php?rest_route=\/wp\/v2\/pages"}],"about":[{"href":"https:\/\/consult-ts.com\/index.php?rest_route=\/wp\/v2\/types\/page"}],"author":[{"embeddable":true,"href":"https:\/\/consult-ts.com\/index.php?rest_route=\/wp\/v2\/users\/1"}],"replies":[{"embeddable":true,"href":"https:\/\/consult-ts.com\/index.php?rest_route=%2Fwp%2Fv2%2Fcomments&post=38"}],"version-history":[{"count":20,"href":"https:\/\/consult-ts.com\/index.php?rest_route=\/wp\/v2\/pages\/38\/revisions"}],"predecessor-version":[{"id":378,"href":"https:\/\/consult-ts.com\/index.php?rest_route=\/wp\/v2\/pages\/38\/revisions\/378"}],"wp:attachment":[{"href":"https:\/\/consult-ts.com\/index.php?rest_route=%2Fwp%2Fv2%2Fmedia&parent=38"}],"curies":[{"name":"wp","href":"https:\/\/api.w.org\/{rel}","templated":true}]}}